{"id":2903,"date":"2014-10-28T14:44:07","date_gmt":"2014-10-28T14:44:07","guid":{"rendered":"http:\/\/www.asukkaidenvantaa.fi\/?page_id=2903"},"modified":"2014-11-05T11:32:40","modified_gmt":"2014-11-05T11:32:40","slug":"taustat","status":"publish","type":"page","link":"https:\/\/www.asukkaidenvantaa.fi\/?page_id=2903","title":{"rendered":"Tausta"},"content":{"rendered":"<h3><strong>Asuminen on perusoikeus<\/strong><\/h3>\n<p><strong>Suomen perustuslaissa on huomioitu asumisen v\u00e4ltt\u00e4m\u00e4tt\u00f6myys. Kyll\u00e4kin vain muodossa \u201dJulkisen vallan teht\u00e4v\u00e4n\u00e4 on edist\u00e4\u00e4 jokaisen oikeutta asuntoon ja tukea asumisen omatoimista j\u00e4rjest\u00e4mist\u00e4.\u201d<\/strong> <strong>Suomessa on noin 7500 asunnotonta, heist\u00e4 p\u00e4\u00e4kaupunkiseudulla noin 2500, heist\u00e4 alle 25-vuotiaita on noin 650<\/strong><\/p>\n<p>T\u00e4m\u00e4n \u201dedist\u00e4misen\u201d tulkitaan toteutuvan Asumisen rahoitus- ja kehitt\u00e4miskeskuksen (ARA) hallinnoiman valtion asuntorahaston takaamilla korkotukilainoilla. Tuota rahoituskanavaa voivat k\u00e4ytt\u00e4 ja hy\u00f6dynt\u00e4\u00e4 niin sanotut yleishy\u00f6dylliset asuntotuottajat, kuten VVO ja SATO. N\u00e4m\u00e4 yhti\u00f6t eiv\u00e4t kuitenkaan en\u00e4\u00e4 juurikaan rakenna \u201dkohtuuhintaisia\u201d asuntoja vaan ovat keskittyneet tekem\u00e4\u00e4n kovaa bisnest\u00e4 kovan rahan asuntomarkkinoilla.<\/p>\n<p>Nuorten syrj\u00e4ytymisen ehk\u00e4isyyn maan hallitus kehitti niin sanotun nuorisotakuun. P\u00e4\u00e4llimm\u00e4inen ajatus tuossa kokonaisuudessa on ty\u00f6-, koulutus- tai harjoittelupaikan takaaminen n\u00e4it\u00e4 hyv\u00e4n el\u00e4m\u00e4n edellytyksi\u00e4 vaille j\u00e4\u00e4neille nuorelle mahdollisimman nopeasti enemm\u00e4n syrj\u00e4ytymisvaaran torjumiseksi. Kunnat ovat velvoitetut hoitamaan t\u00e4m\u00e4n takuu-ajatuksen k\u00e4yt\u00e4nn\u00f6ss\u00e4.<\/p>\n<p>Nuorisotakuun on todettu toimivan kuitenkin vain osittain alkuper\u00e4isen idean mukaisesti. Itse lakien s\u00e4\u00e4t\u00e4j\u00e4tk\u00e4\u00e4n eiv\u00e4t osaa sanoa, mihin ongelmaryhmien kategoriaan kuuluvat ne \u201dpudokkaat\u201d, joita on selvityksiss\u00e4 todettu olevan edelleen huolestuttavan paljon.<\/p>\n<p>Asuminen omassa asunnossa on siin\u00e4 m\u00e4\u00e4rin t\u00e4rke\u00e4 asia kenen tahansa el\u00e4m\u00e4ss\u00e4, ett\u00e4 sen j\u00e4rjestyminen on edellytys sille ett\u00e4 ihminen on t\u00e4ydess\u00e4 valmiudessa ottamaan vastaan esimerkiksi koulutus- tai ty\u00f6harjoittelupaikan. Nuorisotakuu-kokonaisuuteen pit\u00e4isi sis\u00e4llytt\u00e4\u00e4 nuoren tulevaan ty\u00f6uraan liittyvien tavoitteiden lis\u00e4ksi asumisen asiallinen j\u00e4rjest\u00e4minen.<\/p>\n<p>&nbsp;<\/p>\n<p>Asiaa voisi osaltaan hoitaa vastaavalla tavalla, kuin on pyrkimys hallituksen ja Helsingin seudun kuntien v\u00e4lisell\u00e4 maank\u00e4yt\u00f6n, asumisen ja liikenteen j\u00e4rjestely\u00e4 ja rakentamista koskevalla niin sanotulla MAL-sopimuksella. T\u00e4ll\u00e4 sopimuksella kunnat sitoutuvat kaavoittamaan asuntorakentamista varten tonttimaata 16\u00a0000 asuntoa varten vuosittain. Korkotuettu valtion takaama lainoitus on se rahoituspohja, mill\u00e4 sopimuksen edellytykset olisi tarkoitus toteuttaa. Sopimuksen mukaisissa, valtion tukemissa asuntohankkeissa k\u00e4ytet\u00e4\u00e4n lis\u00e4ksi porkkanana niin sanottua k\u00e4ynnistysavustusta. Se on 5 000 \u2013 10\u00a0000 euroa per uudisasunto.<\/p>\n<p>Koska valtion asuntorahaston vuosittaista m\u00e4\u00e4r\u00e4rahaa on viime vuosina j\u00e4\u00e4nyt k\u00e4ytt\u00e4m\u00e4tt\u00e4, voisi siit\u00e4 olla osa \u201dkorvamerkitty\u00e4\u201d rahaa, mik\u00e4 kanavoitaisiin p\u00e4\u00e4kaupunkiseudun kuntien omistamille vuokra-asuntoyhti\u00f6ille (HEKA, VAV, Espoonkruunu) ja kunnat olisivat erillisell\u00e4 sopimuksella velvoitetut rakentamaan kohtuuhintaisia vuokra-asuntoja nimenomaan nuorille. Kuntien kontollahan n\u00e4iden nuorisotakuu-toimien hoitaminen k\u00e4yt\u00e4nn\u00f6ss\u00e4 kuitenkin on.<\/p>\n","protected":false},"excerpt":{"rendered":"<p>Asuminen on perusoikeus Suomen perustuslaissa on huomioitu asumisen v\u00e4ltt\u00e4m\u00e4tt\u00f6myys. Kyll\u00e4kin vain muodossa \u201dJulkisen vallan teht\u00e4v\u00e4n\u00e4 on edist\u00e4\u00e4 jokaisen oikeutta asuntoon ja tukea asumisen omatoimista j\u00e4rjest\u00e4mist\u00e4.\u201d Suomessa on noin 7500 asunnotonta, heist\u00e4 p\u00e4\u00e4kaupunkiseudulla noin 2500, heist\u00e4 alle 25-vuotiaita on noin 650 T\u00e4m\u00e4n \u201dedist\u00e4misen\u201d tulkitaan toteutuvan Asumisen rahoitus- ja kehitt\u00e4miskeskuksen (ARA) hallinnoiman valtion asuntorahaston takaamilla korkotukilainoilla. Tuota&hellip;<\/p>\n<p class=\"more-link-p\"><a class=\"more-link\" href=\"https:\/\/www.asukkaidenvantaa.fi\/?page_id=2903\">Lue lis\u00e4\u00e4 \u2192<\/a><\/p>\n","protected":false},"author":5006,"featured_media":0,"parent":0,"menu_order":0,"comment_status":"open","ping_status":"closed","template":"","meta":{"footnotes":""},"class_list":["post-2903","page","type-page","status-publish","hentry"],"_links":{"self":[{"href":"https:\/\/www.asukkaidenvantaa.fi\/index.php?rest_route=\/wp\/v2\/pages\/2903","targetHints":{"allow":["GET"]}}],"collection":[{"href":"https:\/\/www.asukkaidenvantaa.fi\/index.php?rest_route=\/wp\/v2\/pages"}],"about":[{"href":"https:\/\/www.asukkaidenvantaa.fi\/index.php?rest_route=\/wp\/v2\/types\/page"}],"author":[{"embeddable":true,"href":"https:\/\/www.asukkaidenvantaa.fi\/index.php?rest_route=\/wp\/v2\/users\/5006"}],"replies":[{"embeddable":true,"href":"https:\/\/www.asukkaidenvantaa.fi\/index.php?rest_route=%2Fwp%2Fv2%2Fcomments&post=2903"}],"version-history":[{"count":8,"href":"https:\/\/www.asukkaidenvantaa.fi\/index.php?rest_route=\/wp\/v2\/pages\/2903\/revisions"}],"predecessor-version":[{"id":2930,"href":"https:\/\/www.asukkaidenvantaa.fi\/index.php?rest_route=\/wp\/v2\/pages\/2903\/revisions\/2930"}],"wp:attachment":[{"href":"https:\/\/www.asukkaidenvantaa.fi\/index.php?rest_route=%2Fwp%2Fv2%2Fmedia&parent=2903"}],"curies":[{"name":"wp","href":"https:\/\/api.w.org\/{rel}","templated":true}]}}